{"id":164,"date":"2023-05-19T05:54:33","date_gmt":"2023-05-19T05:54:33","guid":{"rendered":"https:\/\/vanalinna.ee\/hotell\/?page_id=164"},"modified":"2024-11-21T08:31:51","modified_gmt":"2024-11-21T08:31:51","slug":"meie-lugu","status":"publish","type":"page","link":"https:\/\/vanalinna.ee\/hotell\/meie-lugu\/","title":{"rendered":"Meie lugu"},"content":{"rendered":"\n<div class=\"wp-block-cover alignfull is-light\" style=\"min-height:511px;aspect-ratio:unset;\"><span aria-hidden=\"true\" class=\"wp-block-cover__background has-background-dim-0 has-background-dim\"><\/span><img loading=\"lazy\" decoding=\"async\" width=\"2048\" height=\"1365\" class=\"wp-block-cover__image-background wp-image-426\" alt=\"\" src=\"https:\/\/vanalinna.ee\/hotell\/wp-content\/uploads\/2023\/07\/Vanalinna_VF-061.jpg\" style=\"object-position:55% 18%\" data-object-fit=\"cover\" data-object-position=\"55% 18%\" srcset=\"https:\/\/vanalinna.ee\/hotell\/wp-content\/uploads\/2023\/07\/Vanalinna_VF-061.jpg 2048w, https:\/\/vanalinna.ee\/hotell\/wp-content\/uploads\/2023\/07\/Vanalinna_VF-061-300x200.jpg 300w, https:\/\/vanalinna.ee\/hotell\/wp-content\/uploads\/2023\/07\/Vanalinna_VF-061-1024x683.jpg 1024w, https:\/\/vanalinna.ee\/hotell\/wp-content\/uploads\/2023\/07\/Vanalinna_VF-061-768x512.jpg 768w, https:\/\/vanalinna.ee\/hotell\/wp-content\/uploads\/2023\/07\/Vanalinna_VF-061-1536x1024.jpg 1536w, https:\/\/vanalinna.ee\/hotell\/wp-content\/uploads\/2023\/07\/Vanalinna_VF-061-1568x1045.jpg 1568w\" sizes=\"auto, (max-width: 2048px) 100vw, 2048px\" \/><div class=\"wp-block-cover__inner-container is-layout-flow wp-block-cover-is-layout-flow\">\n<p class=\"has-text-align-center has-large-font-size\"><\/p>\n<\/div><\/div>\n\n\n\n<div style=\"height:30px\" aria-hidden=\"true\" class=\"wp-block-spacer\"><\/div>\n\n\n\n<div class=\"wp-block-columns alignwide are-vertically-aligned-center is-layout-flex wp-container-core-columns-is-layout-9d6595d7 wp-block-columns-is-layout-flex\">\n<div class=\"wp-block-column is-vertically-aligned-center is-layout-flow wp-block-column-is-layout-flow\">\n<h1 class=\"wp-block-heading has-text-align-center\">Meie lugu<\/h1>\n\n\n\n<p class=\"has-text-align-center\">Vanalinna Butiikhotellis toimetame meie &#8211; mitu generatsiooni Ilmj\u00e4rvesid. Minu ettev\u00f5tlike vanemate Kaie ja Antsu poolt 30 aastat tagasi loodud majutuskohas, mis algselt kandis nime Vanalinnna V\u00f5\u00f5rastemaja, asusid alguses ka pagari\u00e4ri ja restoran. Restoran sulges oma uksed 2008. aastal, samas sai tuule tiibadesse Vanalinna pagari\u00e4ri, mis laienes ja sai juurde kohviku ruumi. Pere\u00e4ris l\u00f6\u00f6b kaasa mitu generatsiooni. Teeme k\u00f5ike s\u00fcdamega. Jagame k\u00fclalislahkust, loome oma k\u00fclaliste jaoks meeldej\u00e4\u00e4vaid elamusi. 2024. aastal t\u00e4histasime oma 30. tegutsemisaastat.<\/p>\n\n\n\n<p class=\"has-text-align-center\">Hotell ja pagari\u00e4ri asuvad ajaloolisel Kuressaare s\u00fcdalinna kinnistul Kauba t\u00e4nav 8. Hoone ja t\u00e4nava rikkalik ajalugu ning p\u00f5nevalt hoogne kuurordielu 20. sajandi algusel on inspireerinud meid nii interj\u00f6\u00f6ri kujundamisel kui elamuste loomisel Vanalinna hotelli.<\/p>\n\n\n\n<p class=\"has-text-align-center\">P\u00f5nevaid fakte meie hotellist, kuhu oled lahkelt oodatud.<\/p>\n\n\n\n<div class=\"wp-block-columns alignwide is-layout-flex wp-container-core-columns-is-layout-a1d95526 wp-block-columns-is-layout-flex\" style=\"padding-top:var(--wp--preset--spacing--30);padding-right:var(--wp--preset--spacing--30);padding-bottom:var(--wp--preset--spacing--30);padding-left:var(--wp--preset--spacing--30)\">\n<div class=\"wp-block-column is-vertically-aligned-top has-background is-layout-flow wp-block-column-is-layout-flow\" style=\"background-color:#f1d386\">\n<p><\/p>\n\n\n\n<ul class=\"wp-block-list\">\n<li>Meie maja leiab juba 1762. a Kuressaare linnaplaanidelt.<\/li>\n\n\n\n<li>1786. aastal kuulus antud kinnistu&nbsp; \u00f5llepruulijale Carl Johan Westrehnile.<\/li>\n\n\n\n<li>1865. aastal sai omanikuks Theodor Lange,&nbsp;tulekindlustus seltsi agent, kellele kuulus ka esimene&nbsp;laevas\u00f5iduagentuur Osilia.<\/li>\n\n\n\n<li>1872. aastal ostis Theodor Lange Arensburgis F.R. Eupeli raamatukaupluse. Raamatukauplus tegutses kuni omaniku Theodor Lange surmani 1909. aastani, mil aastal kinnistu omanikuks &nbsp;sai tema &nbsp;poeg Viktor.<\/li>\n\n\n\n<li>1911. aastal ehitatati k\u00f5rvalhoone \u00fcmber \u00fchekordseks juugendstiilis fassaadiga kivist kaupluse hooneks, mille fassaadi ehivad rikkalikud raiddetailid. Juugendstiilis kapiteelid on v\u00e4ga meisterlikult t\u00f6\u00f6deldud ja omap\u00e4raste vormidega.&nbsp;<\/li>\n\n\n\n<li>1919. aastal ehitati krundile kivist magasini hoone koos aidaga.<\/li>\n<\/ul>\n\n\n\n<p><\/p>\n<\/div>\n\n\n\n<div class=\"wp-block-column is-vertically-aligned-center has-background is-layout-flow wp-block-column-is-layout-flow\" style=\"background-color:#f1d386;padding-top:var(--wp--preset--spacing--40);padding-right:var(--wp--preset--spacing--40);padding-bottom:var(--wp--preset--spacing--40);padding-left:var(--wp--preset--spacing--40)\">\n<p><\/p>\n\n\n\n<ul class=\"wp-block-list\">\n<li>Viktor Lange (1867-1945) oli 1905-39 aastatel Hollandi asekonsul, raamatukaupmees, postkaartide kirjastaja ja kindlustusettev\u00f5tja Kuressaares, kes annetas linnale 5000-k\u00f6itelise raamatukogu.<\/li>\n\n\n\n<li>1925. aastal alustas Kauba tn 8 tegevust ka Saaremaa kaupmeeste O\u00dc Stabil, mis l\u00f5petas tegevuse 1936.a. Kohe p\u00e4rast seda j\u00e4tkas samades ruumides t\u00f6\u00f6d Kuressaare kaupmeeste AS Kaubaladu.<\/li>\n\n\n\n<li>1994. aastal avasime renoveeritud ajaloolises hoones Vanalinna V\u00f5\u00f5rastemaja, restorani ja pagari\u00e4ri. Restoran l\u00f5petas oma tegevuse 2008. aastal, samas pagari\u00e4ri laienes. H\u00f5rkude l\u00f5hnade peale \u00e4rkavad t\u00e4nasel p\u00e4eval k\u00f5ik hotelli k\u00fclalised, et suunduda kodusesse kohvikusse nautima v\u00e4rsket kohvi, tervislikke Sume smuutisid v\u00f5i hetk tagasi ahjust v\u00e4lja tulnud pagaritooteid.<\/li>\n<\/ul>\n\n\n\n<p><\/p>\n<\/div>\n<\/div>\n\n\n\n<p class=\"has-text-align-center\">Ootame Sindki k\u00fclla!<br>Millal tuled? \ud83d\ude42<\/p>\n\n\n\n<div style=\"height:15px\" aria-hidden=\"true\" class=\"wp-block-spacer\"><\/div>\n\n\n\n<p class=\"has-text-align-center\">Kadi Hiie<br>Tegevjuht<br>Vanalinna Butiikhotell<\/p>\n\n\n\n<div style=\"height:30px\" aria-hidden=\"true\" class=\"wp-block-spacer\"><\/div>\n\n\n\n<h1 class=\"wp-block-heading has-text-align-center\"><\/h1>\n<\/div>\n<\/div>\n","protected":false},"excerpt":{"rendered":"<p>Meie lugu Vanalinna Butiikhotellis toimetame meie &#8211; mitu generatsiooni Ilmj\u00e4rvesid. Minu ettev\u00f5tlike vanemate Kaie ja Antsu poolt 30 aastat tagasi loodud majutuskohas, mis algselt kandis nime Vanalinnna V\u00f5\u00f5rastemaja, asusid alguses ka pagari\u00e4ri ja restoran. Restoran sulges oma uksed 2008. aastal, samas sai tuule tiibadesse Vanalinna pagari\u00e4ri, mis laienes ja sai juurde kohviku ruumi. Pere\u00e4ris l\u00f6\u00f6b [&hellip;]<\/p>\n","protected":false},"author":3,"featured_media":0,"parent":0,"menu_order":0,"comment_status":"closed","ping_status":"closed","template":"","meta":{"footnotes":""},"class_list":["post-164","page","type-page","status-publish","hentry"],"yoast_head":"<!-- This site is optimized with the Yoast SEO plugin v26.6 - https:\/\/yoast.com\/wordpress\/plugins\/seo\/ -->\n<title>Meie lugu - Vanalinna Butiikhotell<\/title>\n<meta name=\"description\" content=\"1994. aastal avatud kohvik-hotell on asutamisest saadik olnud \u00fche perekonna hoole all. Jagame k\u00fclalislahkust ja loome meeldej\u00e4\u00e4vaid elamusi.\" \/>\n<meta name=\"robots\" content=\"index, follow, max-snippet:-1, max-image-preview:large, max-video-preview:-1\" \/>\n<link rel=\"canonical\" href=\"https:\/\/vanalinna.ee\/hotell\/meie-lugu\/\" \/>\n<meta property=\"og:locale\" content=\"et_EE\" \/>\n<meta property=\"og:type\" content=\"article\" \/>\n<meta property=\"og:title\" content=\"Meie lugu - Vanalinna Butiikhotell\" \/>\n<meta property=\"og:description\" content=\"1994. aastal avatud kohvik-hotell on asutamisest saadik olnud \u00fche perekonna hoole all. Jagame k\u00fclalislahkust ja loome meeldej\u00e4\u00e4vaid elamusi.\" \/>\n<meta property=\"og:url\" content=\"https:\/\/vanalinna.ee\/hotell\/meie-lugu\/\" \/>\n<meta property=\"og:site_name\" content=\"Vanalinna Butiikhotell\" \/>\n<meta property=\"article:modified_time\" content=\"2024-11-21T08:31:51+00:00\" \/>\n<meta property=\"og:image\" content=\"https:\/\/vanalinna.ee\/hotell\/wp-content\/uploads\/2023\/07\/Vanalinna_VF-061.jpg\" \/>\n\t<meta property=\"og:image:width\" content=\"2048\" \/>\n\t<meta property=\"og:image:height\" content=\"1365\" \/>\n\t<meta property=\"og:image:type\" content=\"image\/jpeg\" \/>\n<meta name=\"twitter:card\" content=\"summary_large_image\" \/>\n<meta name=\"twitter:label1\" content=\"Est. reading time\" \/>\n\t<meta name=\"twitter:data1\" content=\"2 minutit\" \/>\n<script type=\"application\/ld+json\" class=\"yoast-schema-graph\">{\"@context\":\"https:\/\/schema.org\",\"@graph\":[{\"@type\":\"WebPage\",\"@id\":\"https:\/\/vanalinna.ee\/hotell\/meie-lugu\/\",\"url\":\"https:\/\/vanalinna.ee\/hotell\/meie-lugu\/\",\"name\":\"Meie lugu - Vanalinna Butiikhotell\",\"isPartOf\":{\"@id\":\"https:\/\/vanalinna.ee\/hotell\/#website\"},\"primaryImageOfPage\":{\"@id\":\"https:\/\/vanalinna.ee\/hotell\/meie-lugu\/#primaryimage\"},\"image\":{\"@id\":\"https:\/\/vanalinna.ee\/hotell\/meie-lugu\/#primaryimage\"},\"thumbnailUrl\":\"https:\/\/vanalinna.ee\/hotell\/wp-content\/uploads\/2023\/07\/Vanalinna_VF-061.jpg\",\"datePublished\":\"2023-05-19T05:54:33+00:00\",\"dateModified\":\"2024-11-21T08:31:51+00:00\",\"description\":\"1994. aastal avatud kohvik-hotell on asutamisest saadik olnud \u00fche perekonna hoole all. Jagame k\u00fclalislahkust ja loome meeldej\u00e4\u00e4vaid elamusi.\",\"breadcrumb\":{\"@id\":\"https:\/\/vanalinna.ee\/hotell\/meie-lugu\/#breadcrumb\"},\"inLanguage\":\"et\",\"potentialAction\":[{\"@type\":\"ReadAction\",\"target\":[\"https:\/\/vanalinna.ee\/hotell\/meie-lugu\/\"]}]},{\"@type\":\"ImageObject\",\"inLanguage\":\"et\",\"@id\":\"https:\/\/vanalinna.ee\/hotell\/meie-lugu\/#primaryimage\",\"url\":\"https:\/\/vanalinna.ee\/hotell\/wp-content\/uploads\/2023\/07\/Vanalinna_VF-061.jpg\",\"contentUrl\":\"https:\/\/vanalinna.ee\/hotell\/wp-content\/uploads\/2023\/07\/Vanalinna_VF-061.jpg\",\"width\":2048,\"height\":1365},{\"@type\":\"BreadcrumbList\",\"@id\":\"https:\/\/vanalinna.ee\/hotell\/meie-lugu\/#breadcrumb\",\"itemListElement\":[{\"@type\":\"ListItem\",\"position\":1,\"name\":\"Home\",\"item\":\"https:\/\/vanalinna.ee\/hotell\/\"},{\"@type\":\"ListItem\",\"position\":2,\"name\":\"Meie lugu\"}]},{\"@type\":\"WebSite\",\"@id\":\"https:\/\/vanalinna.ee\/hotell\/#website\",\"url\":\"https:\/\/vanalinna.ee\/hotell\/\",\"name\":\"Vanalinna Butiikhotell\",\"description\":\"\",\"potentialAction\":[{\"@type\":\"SearchAction\",\"target\":{\"@type\":\"EntryPoint\",\"urlTemplate\":\"https:\/\/vanalinna.ee\/hotell\/?s={search_term_string}\"},\"query-input\":{\"@type\":\"PropertyValueSpecification\",\"valueRequired\":true,\"valueName\":\"search_term_string\"}}],\"inLanguage\":\"et\"}]}<\/script>\n<!-- \/ Yoast SEO plugin. -->","yoast_head_json":{"title":"Meie lugu - Vanalinna Butiikhotell","description":"1994. aastal avatud kohvik-hotell on asutamisest saadik olnud \u00fche perekonna hoole all. Jagame k\u00fclalislahkust ja loome meeldej\u00e4\u00e4vaid elamusi.","robots":{"index":"index","follow":"follow","max-snippet":"max-snippet:-1","max-image-preview":"max-image-preview:large","max-video-preview":"max-video-preview:-1"},"canonical":"https:\/\/vanalinna.ee\/hotell\/meie-lugu\/","og_locale":"et_EE","og_type":"article","og_title":"Meie lugu - Vanalinna Butiikhotell","og_description":"1994. aastal avatud kohvik-hotell on asutamisest saadik olnud \u00fche perekonna hoole all. Jagame k\u00fclalislahkust ja loome meeldej\u00e4\u00e4vaid elamusi.","og_url":"https:\/\/vanalinna.ee\/hotell\/meie-lugu\/","og_site_name":"Vanalinna Butiikhotell","article_modified_time":"2024-11-21T08:31:51+00:00","og_image":[{"width":2048,"height":1365,"url":"https:\/\/vanalinna.ee\/hotell\/wp-content\/uploads\/2023\/07\/Vanalinna_VF-061.jpg","type":"image\/jpeg"}],"twitter_card":"summary_large_image","twitter_misc":{"Est. reading time":"2 minutit"},"schema":{"@context":"https:\/\/schema.org","@graph":[{"@type":"WebPage","@id":"https:\/\/vanalinna.ee\/hotell\/meie-lugu\/","url":"https:\/\/vanalinna.ee\/hotell\/meie-lugu\/","name":"Meie lugu - Vanalinna Butiikhotell","isPartOf":{"@id":"https:\/\/vanalinna.ee\/hotell\/#website"},"primaryImageOfPage":{"@id":"https:\/\/vanalinna.ee\/hotell\/meie-lugu\/#primaryimage"},"image":{"@id":"https:\/\/vanalinna.ee\/hotell\/meie-lugu\/#primaryimage"},"thumbnailUrl":"https:\/\/vanalinna.ee\/hotell\/wp-content\/uploads\/2023\/07\/Vanalinna_VF-061.jpg","datePublished":"2023-05-19T05:54:33+00:00","dateModified":"2024-11-21T08:31:51+00:00","description":"1994. aastal avatud kohvik-hotell on asutamisest saadik olnud \u00fche perekonna hoole all. Jagame k\u00fclalislahkust ja loome meeldej\u00e4\u00e4vaid elamusi.","breadcrumb":{"@id":"https:\/\/vanalinna.ee\/hotell\/meie-lugu\/#breadcrumb"},"inLanguage":"et","potentialAction":[{"@type":"ReadAction","target":["https:\/\/vanalinna.ee\/hotell\/meie-lugu\/"]}]},{"@type":"ImageObject","inLanguage":"et","@id":"https:\/\/vanalinna.ee\/hotell\/meie-lugu\/#primaryimage","url":"https:\/\/vanalinna.ee\/hotell\/wp-content\/uploads\/2023\/07\/Vanalinna_VF-061.jpg","contentUrl":"https:\/\/vanalinna.ee\/hotell\/wp-content\/uploads\/2023\/07\/Vanalinna_VF-061.jpg","width":2048,"height":1365},{"@type":"BreadcrumbList","@id":"https:\/\/vanalinna.ee\/hotell\/meie-lugu\/#breadcrumb","itemListElement":[{"@type":"ListItem","position":1,"name":"Home","item":"https:\/\/vanalinna.ee\/hotell\/"},{"@type":"ListItem","position":2,"name":"Meie lugu"}]},{"@type":"WebSite","@id":"https:\/\/vanalinna.ee\/hotell\/#website","url":"https:\/\/vanalinna.ee\/hotell\/","name":"Vanalinna Butiikhotell","description":"","potentialAction":[{"@type":"SearchAction","target":{"@type":"EntryPoint","urlTemplate":"https:\/\/vanalinna.ee\/hotell\/?s={search_term_string}"},"query-input":{"@type":"PropertyValueSpecification","valueRequired":true,"valueName":"search_term_string"}}],"inLanguage":"et"}]}},"_links":{"self":[{"href":"https:\/\/vanalinna.ee\/hotell\/wp-json\/wp\/v2\/pages\/164","targetHints":{"allow":["GET"]}}],"collection":[{"href":"https:\/\/vanalinna.ee\/hotell\/wp-json\/wp\/v2\/pages"}],"about":[{"href":"https:\/\/vanalinna.ee\/hotell\/wp-json\/wp\/v2\/types\/page"}],"author":[{"embeddable":true,"href":"https:\/\/vanalinna.ee\/hotell\/wp-json\/wp\/v2\/users\/3"}],"replies":[{"embeddable":true,"href":"https:\/\/vanalinna.ee\/hotell\/wp-json\/wp\/v2\/comments?post=164"}],"version-history":[{"count":14,"href":"https:\/\/vanalinna.ee\/hotell\/wp-json\/wp\/v2\/pages\/164\/revisions"}],"predecessor-version":[{"id":571,"href":"https:\/\/vanalinna.ee\/hotell\/wp-json\/wp\/v2\/pages\/164\/revisions\/571"}],"wp:attachment":[{"href":"https:\/\/vanalinna.ee\/hotell\/wp-json\/wp\/v2\/media?parent=164"}],"curies":[{"name":"wp","href":"https:\/\/api.w.org\/{rel}","templated":true}]}}