{"id":49,"date":"2023-05-08T08:49:58","date_gmt":"2023-05-08T08:49:58","guid":{"rendered":"https:\/\/vanalinna.ee\/hotell\/?page_id=49"},"modified":"2024-11-21T08:25:31","modified_gmt":"2024-11-21T08:25:31","slug":"majutus","status":"publish","type":"page","link":"https:\/\/vanalinna.ee\/hotell\/majutus\/","title":{"rendered":"Majutus"},"content":{"rendered":"\n<div class=\"wp-block-cover alignfull\"><span aria-hidden=\"true\" class=\"wp-block-cover__background has-background-dim-0 has-background-dim\" style=\"background-color:#7b7267\"><\/span><img loading=\"lazy\" decoding=\"async\" width=\"1480\" height=\"2220\" class=\"wp-block-cover__image-background wp-image-505\" alt=\"\" src=\"https:\/\/vanalinna.ee\/hotell\/wp-content\/uploads\/2024\/05\/DSC09183.jpg\" data-object-fit=\"cover\" srcset=\"https:\/\/vanalinna.ee\/hotell\/wp-content\/uploads\/2024\/05\/DSC09183.jpg 1480w, https:\/\/vanalinna.ee\/hotell\/wp-content\/uploads\/2024\/05\/DSC09183-200x300.jpg 200w, https:\/\/vanalinna.ee\/hotell\/wp-content\/uploads\/2024\/05\/DSC09183-683x1024.jpg 683w, https:\/\/vanalinna.ee\/hotell\/wp-content\/uploads\/2024\/05\/DSC09183-768x1152.jpg 768w, https:\/\/vanalinna.ee\/hotell\/wp-content\/uploads\/2024\/05\/DSC09183-1024x1536.jpg 1024w, https:\/\/vanalinna.ee\/hotell\/wp-content\/uploads\/2024\/05\/DSC09183-1365x2048.jpg 1365w\" sizes=\"auto, (max-width: 1480px) 100vw, 1480px\" \/><div class=\"wp-block-cover__inner-container is-layout-flow wp-block-cover-is-layout-flow\">\n<p class=\"has-text-align-center has-large-font-size\"><\/p>\n<\/div><\/div>\n\n\n\n<div style=\"height:30px\" aria-hidden=\"true\" class=\"wp-block-spacer\"><\/div>\n\n\n\n<div class=\"wp-block-columns alignfull are-vertically-aligned-center has-background is-layout-flex wp-container-core-columns-is-layout-a1d95526 wp-block-columns-is-layout-flex\" style=\"background-color:#f1d386;padding-top:var(--wp--preset--spacing--30);padding-right:var(--wp--preset--spacing--30);padding-bottom:var(--wp--preset--spacing--30);padding-left:var(--wp--preset--spacing--30)\">\n<div class=\"wp-block-column is-vertically-aligned-center is-layout-flow wp-block-column-is-layout-flow\">\n<p class=\"has-text-align-center\">Kuurordih\u00f5ngulises\u00a0butiikhotellis on 10 tuba: 6 kahetoalist, 1 \u00fchetoaline, 1 superior tuba ja 2 deluxe tuba.<br>Olete oodatud aastaringselt nii laste kui ka neljajalgsete h\u00e4sti k\u00e4ituvate pereliikmetega!<br>Beebide lisavoodi eest me lisatasu ei k\u00fcsi. Kuna asume Kuressaare s\u00fcdalinnas on k\u00f5ik vaatamisv\u00e4\u00e4rsused l\u00fchikese jalutusk\u00e4igu kaugusel.<\/p>\n\n\n\n<p class=\"has-text-align-center\">Kuressaare linnus ja rand.<br>Kesklinna laste m\u00e4nguv\u00e4ljak.<br>Saaremaa Kaubamaja &#8211; m\u00f5nisada meetrit.<br>Stiilised&nbsp;s\u00f6\u00f6gikohad modernsemast traditsioonilisteni&nbsp;&#8211; m\u00f5nisada meetrit<br>Kuressaare turg.<br>Saaremaa Golf &amp; Country Clubi jalutamine v\u00f5tab umbes 20 min.<br><br>Meie hotell on 24\/7 avatud ja iseteeninduslik, ehk peale broneerimist saadame Teile kinnituse, mille kaudu saate teha sisseregistreerumise ja peale seda saadame sissep\u00e4\u00e4sukoodi sms-iga telefonile ning e-mailile.<\/p>\n\n\n\n<p class=\"has-text-align-center\">Vanalinna hotelliga samas hoones asub ka h\u00f5rku eineid ja v\u00e4rskeid saiakesi, tervislikke Sume smuutisid pakkuv Vanalinna pagari\u00e4ri-kohvik.<br>Hotelli k\u00fclastajatele on v\u00f5imalik hommikus\u00f6\u00f6ki nautida kohvikus- saad osta mugavalt 12 euro eest inimene broneerides v\u00f5i osta kohapeal kohvikust nii palju kui soovid.<\/p>\n<\/div>\n<\/div>\n\n\n\n<div style=\"height:30px\" aria-hidden=\"true\" class=\"wp-block-spacer\"><\/div>\n\n\n\n<div class=\"wp-block-columns alignwide is-layout-flex wp-container-core-columns-is-layout-9d6595d7 wp-block-columns-is-layout-flex\">\n<div class=\"wp-block-column is-layout-flow wp-block-column-is-layout-flow\">\n<div class=\"wp-block-cover is-light has-custom-content-position is-position-bottom-center ed-linked-block ed-linked-block-animate\"><span aria-hidden=\"true\" class=\"wp-block-cover__background has-background-dim-0 has-background-dim\" style=\"background-color:#918985\"><\/span><img loading=\"lazy\" decoding=\"async\" width=\"2560\" height=\"1707\" class=\"wp-block-cover__image-background wp-image-483\" alt=\"\" src=\"https:\/\/vanalinna.ee\/hotell\/wp-content\/uploads\/2024\/05\/DSC09137-scaled.jpg\" data-object-fit=\"cover\" srcset=\"https:\/\/vanalinna.ee\/hotell\/wp-content\/uploads\/2024\/05\/DSC09137-scaled.jpg 2560w, https:\/\/vanalinna.ee\/hotell\/wp-content\/uploads\/2024\/05\/DSC09137-300x200.jpg 300w, https:\/\/vanalinna.ee\/hotell\/wp-content\/uploads\/2024\/05\/DSC09137-1024x683.jpg 1024w, https:\/\/vanalinna.ee\/hotell\/wp-content\/uploads\/2024\/05\/DSC09137-768x512.jpg 768w, https:\/\/vanalinna.ee\/hotell\/wp-content\/uploads\/2024\/05\/DSC09137-1536x1024.jpg 1536w, https:\/\/vanalinna.ee\/hotell\/wp-content\/uploads\/2024\/05\/DSC09137-2048x1365.jpg 2048w, https:\/\/vanalinna.ee\/hotell\/wp-content\/uploads\/2024\/05\/DSC09137-1568x1045.jpg 1568w\" sizes=\"auto, (max-width: 2560px) 100vw, 2560px\" \/><div class=\"wp-block-cover__inner-container is-layout-flow wp-block-cover-is-layout-flow\">\n<p class=\"has-text-align-center has-white-color has-text-color has-large-font-size\">DELUX<\/p>\n<\/div><a href=\"https:\/\/bouk.io\/booking\/Vanalinna\/446\/rooms?language=et\" class=\"edhotels-block-link\" target=\"_blank\" rel=\" noreferrer noopener\"><\/a><\/div>\n<\/div>\n\n\n\n<div class=\"wp-block-column is-layout-flow wp-block-column-is-layout-flow\">\n<div class=\"wp-block-cover is-light has-custom-content-position is-position-bottom-center ed-linked-block ed-linked-block-animate\"><span aria-hidden=\"true\" class=\"wp-block-cover__background has-background-dim-0 has-background-dim\" style=\"background-color:#ae9b8a\"><\/span><img decoding=\"async\" class=\"wp-block-cover__image-background wp-image-552\" alt=\"\" src=\"https:\/\/vanalinna.ee\/hotell\/wp-content\/uploads\/2024\/06\/IMG_2377.heic\" data-object-fit=\"cover\"\/><div class=\"wp-block-cover__inner-container is-layout-flow wp-block-cover-is-layout-flow\">\n<p class=\"has-text-align-center has-white-color has-text-color has-large-font-size\">KAHENE TUBA<\/p>\n<\/div><a href=\"https:\/\/bouk.io\/booking\/Vanalinna\/446\/rooms?language=et\" class=\"edhotels-block-link\" target=\"_blank\" rel=\" noreferrer noopener\"><\/a><\/div>\n<\/div>\n\n\n\n<div class=\"wp-block-column is-layout-flow wp-block-column-is-layout-flow\">\n<div class=\"wp-block-cover is-light has-custom-content-position is-position-bottom-center ed-linked-block ed-linked-block-animate\"><span aria-hidden=\"true\" class=\"wp-block-cover__background has-background-dim-0 has-background-dim\" style=\"background-color:#9c9075\"><\/span><img decoding=\"async\" class=\"wp-block-cover__image-background wp-image-554\" alt=\"\" src=\"https:\/\/vanalinna.ee\/hotell\/wp-content\/uploads\/2024\/06\/IMG_2362.heic\" data-object-fit=\"cover\"\/><div class=\"wp-block-cover__inner-container is-layout-flow wp-block-cover-is-layout-flow\">\n<p class=\"has-text-align-center has-white-color has-text-color has-large-font-size\">SUPERIOR<\/p>\n<\/div><a href=\"https:\/\/bouk.io\/booking\/Vanalinna\/446\/rooms?language=et\" class=\"edhotels-block-link\" target=\"_blank\" rel=\" noreferrer noopener\"><\/a><\/div>\n<\/div>\n\n\n\n<div class=\"wp-block-column is-layout-flow wp-block-column-is-layout-flow\">\n<div class=\"wp-block-cover is-light has-custom-content-position is-position-bottom-center ed-linked-block ed-linked-block-animate\"><span aria-hidden=\"true\" class=\"wp-block-cover__background has-background-dim-0 has-background-dim\" style=\"background-color:#8c8c84\"><\/span><img decoding=\"async\" class=\"wp-block-cover__image-background wp-image-557\" alt=\"\" src=\"https:\/\/vanalinna.ee\/hotell\/wp-content\/uploads\/2024\/06\/IMG_2385.heic\" data-object-fit=\"cover\"\/><div class=\"wp-block-cover__inner-container is-layout-flow wp-block-cover-is-layout-flow\">\n<p class=\"has-text-align-center has-white-color has-text-color has-large-font-size\">\u00dcHENE TUBA<\/p>\n<\/div><a href=\"https:\/\/bouk.io\/booking\/Vanalinna\/446\/rooms?language=et\" class=\"edhotels-block-link\" target=\"_blank\" rel=\" noreferrer noopener\"><\/a><\/div>\n<\/div>\n<\/div>\n\n\n\n<div style=\"height:30px\" aria-hidden=\"true\" class=\"wp-block-spacer\"><\/div>\n\n\n\n<div class=\"wp-block-buttons alignwide has-custom-font-size is-content-justification-center is-layout-flex wp-container-core-buttons-is-layout-16018d1d wp-block-buttons-is-layout-flex\" style=\"font-size:26px\">\n<div class=\"wp-block-button is-style-fill\"><a class=\"wp-block-button__link has-text-align-center wp-element-button\" href=\"https:\/\/bouk.io\/booking\/Vanalinna\/446\/rooms?language=et\" target=\"_blank\" rel=\"noreferrer noopener\">BRONEERI TUBA<\/a><\/div>\n<\/div>\n\n\n\n<div style=\"height:30px\" aria-hidden=\"true\" class=\"wp-block-spacer\"><\/div>\n\n\n\n<div class=\"wp-block-columns alignfull are-vertically-aligned-center is-layout-flex wp-container-core-columns-is-layout-9d6595d7 wp-block-columns-is-layout-flex\">\n<div class=\"wp-block-column is-vertically-aligned-center is-layout-flow wp-block-column-is-layout-flow\" style=\"flex-basis:100%\">\n<div class=\"wp-block-columns is-layout-flex wp-container-core-columns-is-layout-9d6595d7 wp-block-columns-is-layout-flex\">\n<div class=\"wp-block-column is-layout-flow wp-block-column-is-layout-flow\">\n<p class=\"has-text-align-center\">Theodor VVH O\u00dc sai LEADER- projektitoetuse summas 3584,64 EUR. Projekti eesm\u00e4rk on ettev\u00f5tte m\u00fc\u00fcgi kasvatamine ja kliendile l\u00e4hemale j\u00f5udmine ning m\u00fc\u00fcgi lihtsustamine. Selleks panustatakse turundusse kodulehel, BOUK s\u00fcsteemi loomisesse ning iseteeninduslike ustelukkude soetamisse.<\/p>\n<\/div>\n<\/div>\n<\/div>\n<\/div>\n\n\n\n<figure class=\"wp-block-image aligncenter size-full is-resized\"><img loading=\"lazy\" decoding=\"async\" width=\"425\" height=\"119\" src=\"https:\/\/vanalinna.ee\/hotell\/wp-content\/uploads\/2023\/07\/Leader_logo_3_komponenti_koos.png\" alt=\"\" class=\"wp-image-448\" style=\"width:393px;height:110px\" srcset=\"https:\/\/vanalinna.ee\/hotell\/wp-content\/uploads\/2023\/07\/Leader_logo_3_komponenti_koos.png 425w, https:\/\/vanalinna.ee\/hotell\/wp-content\/uploads\/2023\/07\/Leader_logo_3_komponenti_koos-300x84.png 300w\" sizes=\"auto, (max-width: 425px) 100vw, 425px\" \/><\/figure>\n","protected":false},"excerpt":{"rendered":"<p>Kuurordih\u00f5ngulises\u00a0butiikhotellis on 10 tuba: 6 kahetoalist, 1 \u00fchetoaline, 1 superior tuba ja 2 deluxe tuba.Olete oodatud aastaringselt nii laste kui ka neljajalgsete h\u00e4sti k\u00e4ituvate pereliikmetega!Beebide lisavoodi eest me lisatasu ei k\u00fcsi. Kuna asume Kuressaare s\u00fcdalinnas on k\u00f5ik vaatamisv\u00e4\u00e4rsused l\u00fchikese jalutusk\u00e4igu kaugusel. Kuressaare linnus ja rand.Kesklinna laste m\u00e4nguv\u00e4ljak.Saaremaa Kaubamaja &#8211; m\u00f5nisada meetrit.Stiilised&nbsp;s\u00f6\u00f6gikohad modernsemast traditsioonilisteni&nbsp;&#8211; m\u00f5nisada meetritKuressaare [&hellip;]<\/p>\n","protected":false},"author":3,"featured_media":0,"parent":0,"menu_order":0,"comment_status":"closed","ping_status":"closed","template":"","meta":{"footnotes":""},"class_list":["post-49","page","type-page","status-publish","hentry"],"yoast_head":"<!-- This site is optimized with the Yoast SEO plugin v26.6 - https:\/\/yoast.com\/wordpress\/plugins\/seo\/ -->\n<title>Majutus - Vanalinna Butiikhotell<\/title>\n<meta name=\"description\" content=\"24\/7 iseteeninduslik hubane butiikhotell- jalutusk\u00e4igu kaugusel on lossipark, linnas\u00fcda ja hommikut saad nautida v\u00e4rskete saiakeste ja kohviga\" \/>\n<meta name=\"robots\" content=\"index, follow, max-snippet:-1, max-image-preview:large, max-video-preview:-1\" \/>\n<link rel=\"canonical\" href=\"https:\/\/vanalinna.ee\/hotell\/majutus\/\" \/>\n<meta property=\"og:locale\" content=\"et_EE\" \/>\n<meta property=\"og:type\" content=\"article\" \/>\n<meta property=\"og:title\" content=\"Majutus - Vanalinna Butiikhotell\" \/>\n<meta property=\"og:description\" content=\"24\/7 iseteeninduslik hubane butiikhotell- jalutusk\u00e4igu kaugusel on lossipark, linnas\u00fcda ja hommikut saad nautida v\u00e4rskete saiakeste ja kohviga\" \/>\n<meta property=\"og:url\" content=\"https:\/\/vanalinna.ee\/hotell\/majutus\/\" \/>\n<meta property=\"og:site_name\" content=\"Vanalinna Butiikhotell\" \/>\n<meta property=\"article:modified_time\" content=\"2024-11-21T08:25:31+00:00\" \/>\n<meta property=\"og:image\" content=\"https:\/\/vanalinna.ee\/hotell\/wp-content\/uploads\/2024\/05\/DSC09183.jpg\" \/>\n\t<meta property=\"og:image:width\" content=\"1480\" \/>\n\t<meta property=\"og:image:height\" content=\"2220\" \/>\n\t<meta property=\"og:image:type\" content=\"image\/jpeg\" \/>\n<meta name=\"twitter:card\" content=\"summary_large_image\" \/>\n<meta name=\"twitter:label1\" content=\"Est. reading time\" \/>\n\t<meta name=\"twitter:data1\" content=\"3 minutit\" \/>\n<script type=\"application\/ld+json\" class=\"yoast-schema-graph\">{\"@context\":\"https:\/\/schema.org\",\"@graph\":[{\"@type\":\"WebPage\",\"@id\":\"https:\/\/vanalinna.ee\/hotell\/majutus\/\",\"url\":\"https:\/\/vanalinna.ee\/hotell\/majutus\/\",\"name\":\"Majutus - Vanalinna Butiikhotell\",\"isPartOf\":{\"@id\":\"https:\/\/vanalinna.ee\/hotell\/#website\"},\"primaryImageOfPage\":{\"@id\":\"https:\/\/vanalinna.ee\/hotell\/majutus\/#primaryimage\"},\"image\":{\"@id\":\"https:\/\/vanalinna.ee\/hotell\/majutus\/#primaryimage\"},\"thumbnailUrl\":\"https:\/\/vanalinna.ee\/hotell\/wp-content\/uploads\/2024\/05\/DSC09183.jpg\",\"datePublished\":\"2023-05-08T08:49:58+00:00\",\"dateModified\":\"2024-11-21T08:25:31+00:00\",\"description\":\"24\/7 iseteeninduslik hubane butiikhotell- jalutusk\u00e4igu kaugusel on lossipark, linnas\u00fcda ja hommikut saad nautida v\u00e4rskete saiakeste ja kohviga\",\"breadcrumb\":{\"@id\":\"https:\/\/vanalinna.ee\/hotell\/majutus\/#breadcrumb\"},\"inLanguage\":\"et\",\"potentialAction\":[{\"@type\":\"ReadAction\",\"target\":[\"https:\/\/vanalinna.ee\/hotell\/majutus\/\"]}]},{\"@type\":\"ImageObject\",\"inLanguage\":\"et\",\"@id\":\"https:\/\/vanalinna.ee\/hotell\/majutus\/#primaryimage\",\"url\":\"https:\/\/vanalinna.ee\/hotell\/wp-content\/uploads\/2024\/05\/DSC09183.jpg\",\"contentUrl\":\"https:\/\/vanalinna.ee\/hotell\/wp-content\/uploads\/2024\/05\/DSC09183.jpg\",\"width\":1480,\"height\":2220},{\"@type\":\"BreadcrumbList\",\"@id\":\"https:\/\/vanalinna.ee\/hotell\/majutus\/#breadcrumb\",\"itemListElement\":[{\"@type\":\"ListItem\",\"position\":1,\"name\":\"Home\",\"item\":\"https:\/\/vanalinna.ee\/hotell\/\"},{\"@type\":\"ListItem\",\"position\":2,\"name\":\"Majutus\"}]},{\"@type\":\"WebSite\",\"@id\":\"https:\/\/vanalinna.ee\/hotell\/#website\",\"url\":\"https:\/\/vanalinna.ee\/hotell\/\",\"name\":\"Vanalinna Butiikhotell\",\"description\":\"\",\"potentialAction\":[{\"@type\":\"SearchAction\",\"target\":{\"@type\":\"EntryPoint\",\"urlTemplate\":\"https:\/\/vanalinna.ee\/hotell\/?s={search_term_string}\"},\"query-input\":{\"@type\":\"PropertyValueSpecification\",\"valueRequired\":true,\"valueName\":\"search_term_string\"}}],\"inLanguage\":\"et\"}]}<\/script>\n<!-- \/ Yoast SEO plugin. -->","yoast_head_json":{"title":"Majutus - Vanalinna Butiikhotell","description":"24\/7 iseteeninduslik hubane butiikhotell- jalutusk\u00e4igu kaugusel on lossipark, linnas\u00fcda ja hommikut saad nautida v\u00e4rskete saiakeste ja kohviga","robots":{"index":"index","follow":"follow","max-snippet":"max-snippet:-1","max-image-preview":"max-image-preview:large","max-video-preview":"max-video-preview:-1"},"canonical":"https:\/\/vanalinna.ee\/hotell\/majutus\/","og_locale":"et_EE","og_type":"article","og_title":"Majutus - Vanalinna Butiikhotell","og_description":"24\/7 iseteeninduslik hubane butiikhotell- jalutusk\u00e4igu kaugusel on lossipark, linnas\u00fcda ja hommikut saad nautida v\u00e4rskete saiakeste ja kohviga","og_url":"https:\/\/vanalinna.ee\/hotell\/majutus\/","og_site_name":"Vanalinna Butiikhotell","article_modified_time":"2024-11-21T08:25:31+00:00","og_image":[{"width":1480,"height":2220,"url":"https:\/\/vanalinna.ee\/hotell\/wp-content\/uploads\/2024\/05\/DSC09183.jpg","type":"image\/jpeg"}],"twitter_card":"summary_large_image","twitter_misc":{"Est. reading time":"3 minutit"},"schema":{"@context":"https:\/\/schema.org","@graph":[{"@type":"WebPage","@id":"https:\/\/vanalinna.ee\/hotell\/majutus\/","url":"https:\/\/vanalinna.ee\/hotell\/majutus\/","name":"Majutus - Vanalinna Butiikhotell","isPartOf":{"@id":"https:\/\/vanalinna.ee\/hotell\/#website"},"primaryImageOfPage":{"@id":"https:\/\/vanalinna.ee\/hotell\/majutus\/#primaryimage"},"image":{"@id":"https:\/\/vanalinna.ee\/hotell\/majutus\/#primaryimage"},"thumbnailUrl":"https:\/\/vanalinna.ee\/hotell\/wp-content\/uploads\/2024\/05\/DSC09183.jpg","datePublished":"2023-05-08T08:49:58+00:00","dateModified":"2024-11-21T08:25:31+00:00","description":"24\/7 iseteeninduslik hubane butiikhotell- jalutusk\u00e4igu kaugusel on lossipark, linnas\u00fcda ja hommikut saad nautida v\u00e4rskete saiakeste ja kohviga","breadcrumb":{"@id":"https:\/\/vanalinna.ee\/hotell\/majutus\/#breadcrumb"},"inLanguage":"et","potentialAction":[{"@type":"ReadAction","target":["https:\/\/vanalinna.ee\/hotell\/majutus\/"]}]},{"@type":"ImageObject","inLanguage":"et","@id":"https:\/\/vanalinna.ee\/hotell\/majutus\/#primaryimage","url":"https:\/\/vanalinna.ee\/hotell\/wp-content\/uploads\/2024\/05\/DSC09183.jpg","contentUrl":"https:\/\/vanalinna.ee\/hotell\/wp-content\/uploads\/2024\/05\/DSC09183.jpg","width":1480,"height":2220},{"@type":"BreadcrumbList","@id":"https:\/\/vanalinna.ee\/hotell\/majutus\/#breadcrumb","itemListElement":[{"@type":"ListItem","position":1,"name":"Home","item":"https:\/\/vanalinna.ee\/hotell\/"},{"@type":"ListItem","position":2,"name":"Majutus"}]},{"@type":"WebSite","@id":"https:\/\/vanalinna.ee\/hotell\/#website","url":"https:\/\/vanalinna.ee\/hotell\/","name":"Vanalinna Butiikhotell","description":"","potentialAction":[{"@type":"SearchAction","target":{"@type":"EntryPoint","urlTemplate":"https:\/\/vanalinna.ee\/hotell\/?s={search_term_string}"},"query-input":{"@type":"PropertyValueSpecification","valueRequired":true,"valueName":"search_term_string"}}],"inLanguage":"et"}]}},"_links":{"self":[{"href":"https:\/\/vanalinna.ee\/hotell\/wp-json\/wp\/v2\/pages\/49","targetHints":{"allow":["GET"]}}],"collection":[{"href":"https:\/\/vanalinna.ee\/hotell\/wp-json\/wp\/v2\/pages"}],"about":[{"href":"https:\/\/vanalinna.ee\/hotell\/wp-json\/wp\/v2\/types\/page"}],"author":[{"embeddable":true,"href":"https:\/\/vanalinna.ee\/hotell\/wp-json\/wp\/v2\/users\/3"}],"replies":[{"embeddable":true,"href":"https:\/\/vanalinna.ee\/hotell\/wp-json\/wp\/v2\/comments?post=49"}],"version-history":[{"count":40,"href":"https:\/\/vanalinna.ee\/hotell\/wp-json\/wp\/v2\/pages\/49\/revisions"}],"predecessor-version":[{"id":568,"href":"https:\/\/vanalinna.ee\/hotell\/wp-json\/wp\/v2\/pages\/49\/revisions\/568"}],"wp:attachment":[{"href":"https:\/\/vanalinna.ee\/hotell\/wp-json\/wp\/v2\/media?parent=49"}],"curies":[{"name":"wp","href":"https:\/\/api.w.org\/{rel}","templated":true}]}}